{"id":7037,"date":"2023-08-02T04:47:57","date_gmt":"2023-08-02T04:47:57","guid":{"rendered":"https:\/\/agt-clean.de\/?page_id=7037"},"modified":"2023-08-02T09:13:53","modified_gmt":"2023-08-02T09:13:53","slug":"impressum","status":"publish","type":"page","link":"https:\/\/agt-clean.de\/index.php\/impressum\/","title":{"rendered":"Impressum &#038; Datenschutzerkl\u00e4rung"},"content":{"rendered":"\t\t<div data-elementor-type=\"wp-page\" data-elementor-id=\"7037\" class=\"elementor elementor-7037\">\n\t\t\t\t\t\t\t        <section class=\"elementor-section elementor-top-section elementor-element elementor-element-1abf16a elementor-section-boxed elementor-section-height-default elementor-section-height-default ct-header-fixed-none\" data-id=\"1abf16a\" data-element_type=\"section\">\n            \n                        <div class=\"elementor-container elementor-column-gap-default \">\n                    <div class=\"elementor-column elementor-col-100 elementor-top-column elementor-element elementor-element-92210d1\" data-id=\"92210d1\" data-element_type=\"column\">\n            <div class=\"elementor-widget-wrap elementor-element-populated\">\n                        \t\t<div class=\"elementor-element elementor-element-9289926 elementor-widget elementor-widget-ct_fancy_box\" data-id=\"9289926\" data-element_type=\"widget\" data-widget_type=\"ct_fancy_box.default\">\n\t\t\t\t<div class=\"elementor-widget-container\">\n\t\t\t<div class=\"ct-fancy-box ct-fancy-box-layout2 \" data-wow-delay=\"ms\">\r\n            <div class=\"item--icon\">\r\n            <i aria-hidden=\"true\" class=\"flaticon flaticon-garment\"><\/i>        <\/div>\r\n            <div class=\"item--holder\">\r\n        <h3 class=\"item--title\">\r\n            Impressum        <\/h3>\r\n        <div class=\"item--description\"><div class='impressum'><p>Angaben gem\u00e4\u00df \u00a7 5 TMG<\/p><p>AGT-Clean GmbH<br> \nIggelhorst 23<br> \n44149 Dortmund<br> \n<\/p><p> <strong>Vertreten durch: <\/strong><br>\nBerzan Ay<br>\n<\/p><p><strong>Kontakt:<\/strong> <br>\nTelefon: 0152 25840623<br>\nE-Mail: <a href='mailto:info@agt-clean.de'>info@agt-clean.de<\/a><\/br><\/p><p><strong>Registereintrag: <\/strong><br>\nEintragung im Registergericht: Amtsgericht Dortmund<br>\nRegisternummer: HRB34876<br><\/p><p><strong>Umsatzsteuer-ID: <\/strong> <br>\nUmsatzsteuer-Identifikationsnummer gem\u00e4\u00df \u00a727a Umsatzsteuergesetz: 317\/5900\/3265.\n<br><br><strong>Datenschutz<\/strong><br><br>\nDie Nutzung unserer Webseite ist in der Regel ohne Angabe personenbezogener Daten m\u00f6glich. Soweit auf unseren Seiten personenbezogene Daten (beispielsweise Name, Anschrift oder eMail-Adressen) erhoben werden, erfolgt dies, soweit m\u00f6glich, stets auf freiwilliger Basis. Diese Daten werden ohne Ihre ausdr\u00fcckliche Zustimmung nicht an Dritte weitergegeben. <br>\nWir weisen darauf hin, dass die Daten\u00fcbertragung im Internet (z.B. bei der Kommunikation per E-Mail) Sicherheitsl\u00fccken aufweisen kann. Ein l\u00fcckenloser Schutz der Daten vor dem Zugriff durch Dritte ist nicht m\u00f6glich. <br>\nDer Nutzung von im Rahmen der Impressumspflicht ver\u00f6ffentlichten Kontaktdaten durch Dritte zur \u00dcbersendung von nicht ausdr\u00fccklich angeforderter Werbung und Informationsmaterialien wird hiermit ausdr\u00fccklich widersprochen. Die Betreiber der Seiten behalten sich ausdr\u00fccklich rechtliche Schritte im Falle der unverlangten Zusendung von Werbeinformationen, etwa durch Spam-Mails, vor.<br>\n<\/p>\n<\/div>\n <\/div>\r\n            <\/div>\r\n\r\n<\/div>\t\t<\/div>\n\t\t\t\t<\/div>\n\t\t            <\/div>\n        <\/div>\n                            <\/div>\n        <\/section>\n        \t\t\t\t\t<\/div>\n\t\t","protected":false},"excerpt":{"rendered":"<p>Impressum Angaben gem\u00e4\u00df \u00a7 5 TMG AGT-Clean GmbH Iggelhorst 23 44149 Dortmund Vertreten durch: Berzan Ay Kontakt: Telefon: 0152 25840623 E-Mail: info@agt-clean.de Registereintrag: Eintragung im Registergericht: Amtsgericht Dortmund Registernummer: HRB34876 Umsatzsteuer-ID: Umsatzsteuer-Identifikationsnummer gem\u00e4\u00df \u00a727a Umsatzsteuergesetz: 317\/5900\/3265. Datenschutz Die Nutzung unserer Webseite ist in der Regel ohne Angabe personenbezogener Daten m\u00f6glich. Soweit auf unseren Seiten personenbezogene [&hellip;]<\/p>\n","protected":false},"author":1,"featured_media":0,"parent":0,"menu_order":0,"comment_status":"closed","ping_status":"closed","template":"","meta":{"footnotes":""},"class_list":["post-7037","page","type-page","status-publish","hentry"],"_links":{"self":[{"href":"https:\/\/agt-clean.de\/index.php\/wp-json\/wp\/v2\/pages\/7037","targetHints":{"allow":["GET"]}}],"collection":[{"href":"https:\/\/agt-clean.de\/index.php\/wp-json\/wp\/v2\/pages"}],"about":[{"href":"https:\/\/agt-clean.de\/index.php\/wp-json\/wp\/v2\/types\/page"}],"author":[{"embeddable":true,"href":"https:\/\/agt-clean.de\/index.php\/wp-json\/wp\/v2\/users\/1"}],"replies":[{"embeddable":true,"href":"https:\/\/agt-clean.de\/index.php\/wp-json\/wp\/v2\/comments?post=7037"}],"version-history":[{"count":15,"href":"https:\/\/agt-clean.de\/index.php\/wp-json\/wp\/v2\/pages\/7037\/revisions"}],"predecessor-version":[{"id":7061,"href":"https:\/\/agt-clean.de\/index.php\/wp-json\/wp\/v2\/pages\/7037\/revisions\/7061"}],"wp:attachment":[{"href":"https:\/\/agt-clean.de\/index.php\/wp-json\/wp\/v2\/media?parent=7037"}],"curies":[{"name":"wp","href":"https:\/\/api.w.org\/{rel}","templated":true}]}}